{"id":2,"date":"2016-01-11T05:45:50","date_gmt":"2016-01-11T05:45:50","guid":{"rendered":"http:\/\/sailingsunrise.nl\/?page_id=2"},"modified":"2017-07-02T17:40:22","modified_gmt":"2017-07-02T16:40:22","slug":"sample-page","status":"publish","type":"page","link":"https:\/\/sailingsunrise.nl\/?page_id=2","title":{"rendered":"Sunrise"},"content":{"rendered":"<p><img decoding=\"async\" loading=\"lazy\" class=\"alignnone wp-image-27 size-large\" src=\"https:\/\/sailingsunrise.nl\/wp-content\/uploads\/2016\/01\/20151121-Foto-Boot-tbv-paspoort-670x1024.jpg\" alt=\"?????????????\" width=\"629\" height=\"961\" srcset=\"https:\/\/sailingsunrise.nl\/wp-content\/uploads\/2016\/01\/20151121-Foto-Boot-tbv-paspoort-670x1024.jpg 670w, https:\/\/sailingsunrise.nl\/wp-content\/uploads\/2016\/01\/20151121-Foto-Boot-tbv-paspoort-196x300.jpg 196w, https:\/\/sailingsunrise.nl\/wp-content\/uploads\/2016\/01\/20151121-Foto-Boot-tbv-paspoort-768x1174.jpg 768w, https:\/\/sailingsunrise.nl\/wp-content\/uploads\/2016\/01\/20151121-Foto-Boot-tbv-paspoort-900x1375.jpg 900w, https:\/\/sailingsunrise.nl\/wp-content\/uploads\/2016\/01\/20151121-Foto-Boot-tbv-paspoort-1280x1956.jpg 1280w, https:\/\/sailingsunrise.nl\/wp-content\/uploads\/2016\/01\/20151121-Foto-Boot-tbv-paspoort.jpg 1836w\" sizes=\"(max-width: 629px) 100vw, 629px\" \/><\/p>\n<div class=\"wp-caption-dd\"><\/div>\n<p>Dit is onze trots: onze Sunrise. Een Bavaria 37 Cruiser uit 2005.<\/p>\n<p>We (lees Eric) heeft flink geklust in de winter 2015 &#8211; 2016 om te zorgen dat ze helemaal klaar is voor de reis:<\/p>\n<ul>\n<li>Zout \/ Zoetwater voetpomp ge\u00efnstalleerd.<\/li>\n<li>PowerWifi ge\u00efnstalleerd.<\/li>\n<li>Een back-up plotter binnen ingebouwd.<\/li>\n<li>Een hekboog gemaakt van RVS buizen.<\/li>\n<li>Zonnepanelen ge\u00efnstalleerd.<\/li>\n<li>Windenergie ge\u00efnstalleerd.<\/li>\n<li>Kiel volledig kaal gemaakt en behandeld.<\/li>\n<li>Extra watertank (120 l) in de voorpunt ge\u00efnstalleerd.<\/li>\n<li>Ventilatoren een plekje gegeven.<\/li>\n<li>Nieuwe accu&#8217;s aangeschaft.<\/li>\n<li>Nieuwe dekpomp ge\u00efnstalleerd (oude pomp was stuk gegaan in de winter).<\/li>\n<\/ul>\n<div>Ook hebben we klussen uitbesteed:<\/div>\n<ul>\n<li>De sprayhood voorzien van ritsen, links en recht van het midden, zodat we koele lucht tijdens het zeilen door kunnen laten.<\/li>\n<li>Zeilen controleren.<\/li>\n<li>Verstaging vervangen.<\/li>\n<li>Zeerailing vervangen (eindelijk van dat viezige witte plastic laagje af).<\/li>\n<\/ul>\n<p>&nbsp;<\/p>\n","protected":false},"excerpt":{"rendered":"<p>Dit is onze trots: onze Sunrise. Een Bavaria 37 Cruiser uit 2005. We (lees Eric) heeft flink geklust in de winter 2015 &#8211; 2016 om te zorgen dat ze helemaal klaar is voor de reis: Zout \/ Zoetwater voetpomp ge\u00efnstalleerd. PowerWifi ge\u00efnstalleerd. Een back-up plotter binnen ingebouwd. Een hekboog gemaakt van RVS buizen. Zonnepanelen ge\u00efnstalleerd. [&hellip;]<\/p>\n","protected":false},"author":1,"featured_media":0,"parent":0,"menu_order":0,"comment_status":"closed","ping_status":"open","template":"","meta":[],"post_mailing_queue_ids":[],"_links":{"self":[{"href":"https:\/\/sailingsunrise.nl\/index.php?rest_route=\/wp\/v2\/pages\/2"}],"collection":[{"href":"https:\/\/sailingsunrise.nl\/index.php?rest_route=\/wp\/v2\/pages"}],"about":[{"href":"https:\/\/sailingsunrise.nl\/index.php?rest_route=\/wp\/v2\/types\/page"}],"author":[{"embeddable":true,"href":"https:\/\/sailingsunrise.nl\/index.php?rest_route=\/wp\/v2\/users\/1"}],"replies":[{"embeddable":true,"href":"https:\/\/sailingsunrise.nl\/index.php?rest_route=%2Fwp%2Fv2%2Fcomments&post=2"}],"version-history":[{"count":8,"href":"https:\/\/sailingsunrise.nl\/index.php?rest_route=\/wp\/v2\/pages\/2\/revisions"}],"predecessor-version":[{"id":790,"href":"https:\/\/sailingsunrise.nl\/index.php?rest_route=\/wp\/v2\/pages\/2\/revisions\/790"}],"wp:attachment":[{"href":"https:\/\/sailingsunrise.nl\/index.php?rest_route=%2Fwp%2Fv2%2Fmedia&parent=2"}],"curies":[{"name":"wp","href":"https:\/\/api.w.org\/{rel}","templated":true}]}}