{"id":525,"date":"2017-03-18T15:28:46","date_gmt":"2017-03-18T14:28:46","guid":{"rendered":"http:\/\/sailingsunrise.nl\/?page_id=525"},"modified":"2017-05-30T19:07:44","modified_gmt":"2017-05-30T18:07:44","slug":"laatste-loodjes-in-avoriaz","status":"publish","type":"page","link":"https:\/\/sailingsunrise.nl\/?page_id=525","title":{"rendered":"29. Laatste loodjes in Avoriaz"},"content":{"rendered":"<p>We hebben nog een weekje gasten, een paar dagen om het chalet Le Yeti weer netjes op te leveren aan de eigenaar en dan komen we weer naar Nederland! Ons avontuur in de sneeuw zit er bijna op. En wat doe je dan als je hier bewust mee om wilt gaan: je gaat terugkijken naar de periode die achter je ligt. Ik heb de geluksmomentjes al met jullie gedeeld,\u00a0dus nu is een mooi moment om de dingen te beschrijven die we zeker NIET gaan missen.<\/p>\n<p>Misbaar item 1: Mobieltje van de zaak<\/p>\n<div id=\"attachment_530\" style=\"width: 308px\" class=\"wp-caption alignnone\"><img aria-describedby=\"caption-attachment-530\" decoding=\"async\" loading=\"lazy\" class=\" wp-image-530\" src=\"https:\/\/sailingsunrise.nl\/wp-content\/uploads\/2017\/03\/20170315-Telefoon-Wens-300x225.jpg\" alt=\"Wie kent hem nog????\" width=\"298\" height=\"228\" \/><p id=\"caption-attachment-530\" class=\"wp-caption-text\">Wie kent hem nog????<\/p><\/div>\n<div id=\"attachment_529\" style=\"width: 310px\" class=\"wp-caption alignnone\"><img aria-describedby=\"caption-attachment-529\" decoding=\"async\" loading=\"lazy\" class=\"size-medium wp-image-529\" src=\"https:\/\/sailingsunrise.nl\/wp-content\/uploads\/2017\/03\/20170315-Telefoon-Wens-2-300x225.jpg\" alt=\"Nou?????\" width=\"300\" height=\"225\" srcset=\"https:\/\/sailingsunrise.nl\/wp-content\/uploads\/2017\/03\/20170315-Telefoon-Wens-2-300x225.jpg 300w, https:\/\/sailingsunrise.nl\/wp-content\/uploads\/2017\/03\/20170315-Telefoon-Wens-2-1024x768.jpg 1024w, https:\/\/sailingsunrise.nl\/wp-content\/uploads\/2017\/03\/20170315-Telefoon-Wens-2-900x675.jpg 900w, https:\/\/sailingsunrise.nl\/wp-content\/uploads\/2017\/03\/20170315-Telefoon-Wens-2-1280x960.jpg 1280w\" sizes=\"(max-width: 300px) 100vw, 300px\" \/><p id=\"caption-attachment-529\" class=\"wp-caption-text\">Nou?????<\/p><\/div>\n<p>De Samsung E1150, onze uitvoering is bruin. En hij is oud, heel oud. Niet alleen de telefoon is oud, ook de techniek in dat dingetje is oud en ver achterhaald. Telkens als je deze telefoon gaat en je wilt hem openklappen, valt ie bijna uit je handen want\u00a0hij is erg glad (vast van het vele gebruik). Dat zou nog te doen zijn, maar stuur maar eens een sms-je! Weet je nog?\u00a0Vier keer op de\u00a07 klikken (S), twee keer op de\u00a04 (H), drie keer op de\u00a04 (I), een keer op de 8 (T)\u00a0&#8230;&#8230;.\u00a0poep te langzaam, verkeerde letter, delete, weer opnieuw&#8230;.. ik wil een &#8220;?&#8221;\u00a0in het\u00a0bericht, hoe ging dat ook\u00a0al weer&#8230;..\u00a0Om helemaal gek van te worden! Je bent zo 10 minuten bezig met 1 berichtje. En appen, mailen etc. kun je natuurlijk al helemaal vergeten. Nee, dit\u00a0museumstuk geven we heel graag weer terug aan WensChalets.<\/p>\n<p>Misbaar item\u00a02: Balkon van de bovenburen<\/p>\n<div id=\"attachment_533\" style=\"width: 310px\" class=\"wp-caption alignnone\"><img aria-describedby=\"caption-attachment-533\" decoding=\"async\" loading=\"lazy\" class=\"size-medium wp-image-533\" src=\"https:\/\/sailingsunrise.nl\/wp-content\/uploads\/2017\/03\/20170315-Balkon-bovenburen-2-300x269.jpg\" alt=\"Balkon bovenburen\" width=\"300\" height=\"269\" srcset=\"https:\/\/sailingsunrise.nl\/wp-content\/uploads\/2017\/03\/20170315-Balkon-bovenburen-2-300x269.jpg 300w, https:\/\/sailingsunrise.nl\/wp-content\/uploads\/2017\/03\/20170315-Balkon-bovenburen-2-1024x917.jpg 1024w, https:\/\/sailingsunrise.nl\/wp-content\/uploads\/2017\/03\/20170315-Balkon-bovenburen-2-900x806.jpg 900w, https:\/\/sailingsunrise.nl\/wp-content\/uploads\/2017\/03\/20170315-Balkon-bovenburen-2-1280x1146.jpg 1280w, https:\/\/sailingsunrise.nl\/wp-content\/uploads\/2017\/03\/20170315-Balkon-bovenburen-2.jpg 1944w\" sizes=\"(max-width: 300px) 100vw, 300px\" \/><p id=\"caption-attachment-533\" class=\"wp-caption-text\">Balkon bovenburen<\/p><\/div>\n<p>Als we naar boven kijken vanuit ons raam in de studio, zien we naast het prachtige uitzicht op de bergen &#8211; natuurlijk- het balkon van onze bovenburen. Deze is echter in zo&#8217;n slechte staat dat ik me elke keer weer flinke zorgen maak. Je ziet het beton gewoon afbrokkelen! Er staan regelmatig mensen op om bv. een sigaretje te roken. Nu is roken natuurlijk erg slecht voor je gezondheid, maar van 7 hoog naar beneden duiken is nog slechter denk ik zo. En omdat dit balkon zo slecht is, zet ik ook geen voet op ons eigen balkon en twijfel ik op mijn ergste dagen ook aan de kwaliteit van het hele appartementsgebouw waar wij in leven. Nee, ik ben blij dat ik hier binnenkort niet meer naar hoef te kijken!<\/p>\n<p>Misbaar item 3: Ons hok<\/p>\n<p>Hoewel we ook echt heel blij zijn met onze eigen ruimte, op loopafstand van het Chalet Le Yeti, is het na 3 maanden wel erg klein geworden. In de keuken van Le Yeti lopen Eric en ik elkaar al de hele tijd in de weg en in deze studio is dat niet veel beter. Bovendien hebben we geen echte bank, wat we ook wel missen. Om wat TV (lees laptop) te kijken, moet je op bed gaan zitten. Niet heel erg, maar ook niet ideaal. Daarbij verkeerd deze studio echt in afbraakstaat; stucwerk komt naar beneden, stopcontacten zitten los op de muur, deuren klemmen of sluiten niet, de gordijnen waaien in de tocht ookal zitten de ramen dicht en bij flinke kou krijg je het hier niet warm (vergeet ook &#8220;Misbaar item 2&#8221; niet). Nee, we kijken erg uit naar ons bootje: ook niet groot, maar wel van ons en tiptop in orde!<\/p>\n<p>Misbaar item\u00a04: K(ei leuke) paardjes<\/p>\n<div id=\"attachment_535\" style=\"width: 310px\" class=\"wp-caption alignnone\"><img aria-describedby=\"caption-attachment-535\" decoding=\"async\" loading=\"lazy\" class=\"size-medium wp-image-535\" src=\"https:\/\/sailingsunrise.nl\/wp-content\/uploads\/2017\/03\/20170315-Paardjes-in-Avoriaz-300x225.jpg\" alt=\"Paardjes\" width=\"300\" height=\"225\" srcset=\"https:\/\/sailingsunrise.nl\/wp-content\/uploads\/2017\/03\/20170315-Paardjes-in-Avoriaz-300x225.jpg 300w, https:\/\/sailingsunrise.nl\/wp-content\/uploads\/2017\/03\/20170315-Paardjes-in-Avoriaz-1024x768.jpg 1024w, https:\/\/sailingsunrise.nl\/wp-content\/uploads\/2017\/03\/20170315-Paardjes-in-Avoriaz-900x675.jpg 900w, https:\/\/sailingsunrise.nl\/wp-content\/uploads\/2017\/03\/20170315-Paardjes-in-Avoriaz-1280x960.jpg 1280w\" sizes=\"(max-width: 300px) 100vw, 300px\" \/><p id=\"caption-attachment-535\" class=\"wp-caption-text\">Paardjes<\/p><\/div>\n<div id=\"attachment_536\" style=\"width: 310px\" class=\"wp-caption alignnone\"><img aria-describedby=\"caption-attachment-536\" decoding=\"async\" loading=\"lazy\" class=\"size-medium wp-image-536\" src=\"https:\/\/sailingsunrise.nl\/wp-content\/uploads\/2017\/03\/20170315-Rupsvoertuig-Avoriaz-300x225.jpg\" alt=\"Rupsvoertuig\" width=\"300\" height=\"225\" srcset=\"https:\/\/sailingsunrise.nl\/wp-content\/uploads\/2017\/03\/20170315-Rupsvoertuig-Avoriaz-300x225.jpg 300w, https:\/\/sailingsunrise.nl\/wp-content\/uploads\/2017\/03\/20170315-Rupsvoertuig-Avoriaz-1024x768.jpg 1024w, https:\/\/sailingsunrise.nl\/wp-content\/uploads\/2017\/03\/20170315-Rupsvoertuig-Avoriaz-900x675.jpg 900w, https:\/\/sailingsunrise.nl\/wp-content\/uploads\/2017\/03\/20170315-Rupsvoertuig-Avoriaz-1280x960.jpg 1280w\" sizes=\"(max-width: 300px) 100vw, 300px\" \/><p id=\"caption-attachment-536\" class=\"wp-caption-text\">Rupsvoertuig<\/p><\/div>\n<p>Avoriaz is een autovrij dorp. In basis is dat een geweldig leuk idee. Maar als je regelmatig wat te vervoeren hebt, wordt het erg onhandig. Dan moet je je spullen in sleetjes omhoog duwen: heel erg zwaar. Alternatief is een arrenslee of een soort tractor op rupsbanden. Maar omdat hier veel vraag naar is, is het dus erg druk op de hoofdwegen met al dit soort vervoersmiddelen. En omdat de mensen denken: &#8220;H\u00e9\u00e9\u00e9 een autovrij dorp: we lopen lekker overal waar we willen!&#8221; geeft dat nogal een chaos\u00a0met de andere vervoersmiddelen. De tractors kijken nergens naar en geven gewoon flink gas. Regelmatig moet je dus opzij springen om je leven te redden. De paarden voor de arrenslee\u00a0hebben ook (letterlijk) oogkleppen op en die wil je dus ook niet voor de voeten lopen. Bovendien stinken ze en poepen ze langs hun poepzak (die onder hun kont hangt). Slalom om de paardenvijgen is hier een nieuwe sport. Nee, geef dan maar auto&#8217;s; da&#8217;s tenminste duidelijk!<\/p>\n<p>Misbaar item 5: Koken, poetsen en opruimen<\/p>\n<p>Poeh! Wij hebben bergen en bergen eten gemaakt, de gekste vlekken weggeveegd en de raarste dingen opgeborgen. We kunnen even geen sticky chicken, tartiflette of varkenshaas meer zien. Allergie\u00ebn voor\u00a0gluten\u00a0en intoleranties voor lactose kunnen we niet meer\u00a0horen.\u00a0Bruine streepjes (of\u00a0strepen afhankelijk van die\u00a0bergen eten)\u00a0in de WC zijn we meer dan zat en\u00a0tandenpasta op de kranen laten we voor wat het is. Telkens weer ons kookeiland terugveroveren: handschoenen, mutsen, skikaarten, telefoons, laptops en koeken wegduwen en opstapelen&#8230;.. Nee, wij zijn wel even genezen van al dat huishoudelijk werk. Alle lieve mensen die wij in Nederland gaan bezoeken zijn gewaarschuwd: wij\u00a0nemen vakantie van al deze schone taken!<\/p>\n<p>Misbaar item 6: Dutjes<\/p>\n<div id=\"attachment_534\" style=\"width: 310px\" class=\"wp-caption alignnone\"><img aria-describedby=\"caption-attachment-534\" decoding=\"async\" loading=\"lazy\" class=\"size-medium wp-image-534\" src=\"https:\/\/sailingsunrise.nl\/wp-content\/uploads\/2017\/03\/20170214-Hazeslaapje-in-de-auto-Thonon-300x169.jpg\" alt=\"Hazenslaapje in de auto\" width=\"300\" height=\"169\" srcset=\"https:\/\/sailingsunrise.nl\/wp-content\/uploads\/2017\/03\/20170214-Hazeslaapje-in-de-auto-Thonon-300x169.jpg 300w, https:\/\/sailingsunrise.nl\/wp-content\/uploads\/2017\/03\/20170214-Hazeslaapje-in-de-auto-Thonon-1024x576.jpg 1024w, https:\/\/sailingsunrise.nl\/wp-content\/uploads\/2017\/03\/20170214-Hazeslaapje-in-de-auto-Thonon-900x506.jpg 900w, https:\/\/sailingsunrise.nl\/wp-content\/uploads\/2017\/03\/20170214-Hazeslaapje-in-de-auto-Thonon-1280x720.jpg 1280w\" sizes=\"(max-width: 300px) 100vw, 300px\" \/><p id=\"caption-attachment-534\" class=\"wp-caption-text\">Hazenslaapje in de auto<\/p><\/div>\n<p>Moe van alle boodschappen doen, ligt Eric heel even een dutje te doen in onze auto. Hoewel hij heel erg heerlijk lag te dutten, kunnen we dit toch ook wel missen \ud83d\ude09<\/p>\n","protected":false},"excerpt":{"rendered":"<p>We hebben nog een weekje gasten, een paar dagen om het chalet Le Yeti weer netjes op te leveren aan de eigenaar en dan komen we weer naar Nederland! Ons avontuur in de sneeuw zit er bijna op. En wat doe je dan als je hier bewust mee om wilt gaan: je gaat terugkijken naar [&hellip;]<\/p>\n","protected":false},"author":2,"featured_media":0,"parent":0,"menu_order":0,"comment_status":"closed","ping_status":"closed","template":"","meta":[],"post_mailing_queue_ids":[],"_links":{"self":[{"href":"https:\/\/sailingsunrise.nl\/index.php?rest_route=\/wp\/v2\/pages\/525"}],"collection":[{"href":"https:\/\/sailingsunrise.nl\/index.php?rest_route=\/wp\/v2\/pages"}],"about":[{"href":"https:\/\/sailingsunrise.nl\/index.php?rest_route=\/wp\/v2\/types\/page"}],"author":[{"embeddable":true,"href":"https:\/\/sailingsunrise.nl\/index.php?rest_route=\/wp\/v2\/users\/2"}],"replies":[{"embeddable":true,"href":"https:\/\/sailingsunrise.nl\/index.php?rest_route=%2Fwp%2Fv2%2Fcomments&post=525"}],"version-history":[{"count":8,"href":"https:\/\/sailingsunrise.nl\/index.php?rest_route=\/wp\/v2\/pages\/525\/revisions"}],"predecessor-version":[{"id":660,"href":"https:\/\/sailingsunrise.nl\/index.php?rest_route=\/wp\/v2\/pages\/525\/revisions\/660"}],"wp:attachment":[{"href":"https:\/\/sailingsunrise.nl\/index.php?rest_route=%2Fwp%2Fv2%2Fmedia&parent=525"}],"curies":[{"name":"wp","href":"https:\/\/api.w.org\/{rel}","templated":true}]}}