{"id":865,"date":"2017-08-03T13:52:08","date_gmt":"2017-08-03T12:52:08","guid":{"rendered":"http:\/\/sailingsunrise.nl\/?page_id=865"},"modified":"2018-12-08T00:13:13","modified_gmt":"2018-12-07T23:13:13","slug":"augustus-2017","status":"publish","type":"page","link":"https:\/\/sailingsunrise.nl\/?page_id=865","title":{"rendered":"augustus 2017"},"content":{"rendered":"<blockquote data-secret=\"Roz2iYfhrE\" class=\"wp-embedded-content\"><p><a href=\"https:\/\/sailingsunrise.nl\/?page_id=850\">40. Patras naar Galaxidhi<\/a><\/p><\/blockquote>\n<p><iframe class=\"wp-embedded-content\" sandbox=\"allow-scripts\" security=\"restricted\" style=\"position: absolute; clip: rect(1px, 1px, 1px, 1px);\" src=\"https:\/\/sailingsunrise.nl\/?page_id=850&#038;embed=true#?secret=Roz2iYfhrE\" data-secret=\"Roz2iYfhrE\" width=\"600\" height=\"338\" title=\"&#8220;40. Patras naar Galaxidhi&#8221; &#8212; Sailing Sunrise\" frameborder=\"0\" marginwidth=\"0\" marginheight=\"0\" scrolling=\"no\"><\/iframe><\/p>\n<blockquote data-secret=\"P0EoxZxvWg\" class=\"wp-embedded-content\"><p><a href=\"https:\/\/sailingsunrise.nl\/?page_id=877\">41. Van Galaxidhi naar Tr\u00edzonia<\/a><\/p><\/blockquote>\n<p><iframe class=\"wp-embedded-content\" sandbox=\"allow-scripts\" security=\"restricted\" style=\"position: absolute; clip: rect(1px, 1px, 1px, 1px);\" src=\"https:\/\/sailingsunrise.nl\/?page_id=877&#038;embed=true#?secret=P0EoxZxvWg\" data-secret=\"P0EoxZxvWg\" width=\"600\" height=\"338\" title=\"&#8220;41. Van Galaxidhi naar Tr\u00edzonia&#8221; &#8212; Sailing Sunrise\" frameborder=\"0\" marginwidth=\"0\" marginheight=\"0\" scrolling=\"no\"><\/iframe><\/p>\n<blockquote data-secret=\"ICwFy2s2Vx\" class=\"wp-embedded-content\"><p><a href=\"https:\/\/sailingsunrise.nl\/?page_id=882\">42. Van Tr\u00edzonia naar Patras<\/a><\/p><\/blockquote>\n<p><iframe class=\"wp-embedded-content\" sandbox=\"allow-scripts\" security=\"restricted\" style=\"position: absolute; clip: rect(1px, 1px, 1px, 1px);\" src=\"https:\/\/sailingsunrise.nl\/?page_id=882&#038;embed=true#?secret=ICwFy2s2Vx\" data-secret=\"ICwFy2s2Vx\" width=\"600\" height=\"338\" title=\"&#8220;42. Van Tr\u00edzonia naar Patras&#8221; &#8212; Sailing Sunrise\" frameborder=\"0\" marginwidth=\"0\" marginheight=\"0\" scrolling=\"no\"><\/iframe><\/p>\n<blockquote data-secret=\"Lbt7nz1CGX\" class=\"wp-embedded-content\"><p><a href=\"https:\/\/sailingsunrise.nl\/?page_id=896\">43. Van Patras naar S\u00edvota<\/a><\/p><\/blockquote>\n<p><iframe class=\"wp-embedded-content\" sandbox=\"allow-scripts\" security=\"restricted\" style=\"position: absolute; clip: rect(1px, 1px, 1px, 1px);\" src=\"https:\/\/sailingsunrise.nl\/?page_id=896&#038;embed=true#?secret=Lbt7nz1CGX\" data-secret=\"Lbt7nz1CGX\" width=\"600\" height=\"338\" title=\"&#8220;43. Van Patras naar S\u00edvota&#8221; &#8212; Sailing Sunrise\" frameborder=\"0\" marginwidth=\"0\" marginheight=\"0\" scrolling=\"no\"><\/iframe><\/p>\n<p>&nbsp;<\/p>\n","protected":false},"excerpt":{"rendered":"<p>40. Patras naar Galaxidhi 41. Van Galaxidhi naar Tr\u00edzonia 42. Van Tr\u00edzonia naar Patras 43. Van Patras naar S\u00edvota &nbsp;<\/p>\n","protected":false},"author":2,"featured_media":0,"parent":0,"menu_order":0,"comment_status":"closed","ping_status":"closed","template":"","meta":[],"post_mailing_queue_ids":[],"_links":{"self":[{"href":"https:\/\/sailingsunrise.nl\/index.php?rest_route=\/wp\/v2\/pages\/865"}],"collection":[{"href":"https:\/\/sailingsunrise.nl\/index.php?rest_route=\/wp\/v2\/pages"}],"about":[{"href":"https:\/\/sailingsunrise.nl\/index.php?rest_route=\/wp\/v2\/types\/page"}],"author":[{"embeddable":true,"href":"https:\/\/sailingsunrise.nl\/index.php?rest_route=\/wp\/v2\/users\/2"}],"replies":[{"embeddable":true,"href":"https:\/\/sailingsunrise.nl\/index.php?rest_route=%2Fwp%2Fv2%2Fcomments&post=865"}],"version-history":[{"count":2,"href":"https:\/\/sailingsunrise.nl\/index.php?rest_route=\/wp\/v2\/pages\/865\/revisions"}],"predecessor-version":[{"id":1398,"href":"https:\/\/sailingsunrise.nl\/index.php?rest_route=\/wp\/v2\/pages\/865\/revisions\/1398"}],"wp:attachment":[{"href":"https:\/\/sailingsunrise.nl\/index.php?rest_route=%2Fwp%2Fv2%2Fmedia&parent=865"}],"curies":[{"name":"wp","href":"https:\/\/api.w.org\/{rel}","templated":true}]}}